{"id":7095,"date":"2023-02-26T17:01:13","date_gmt":"2023-02-26T16:01:13","guid":{"rendered":"https:\/\/mezibyszoni.hu\/?post_type=product&#038;p=7095"},"modified":"2024-12-16T10:37:42","modified_gmt":"2024-12-16T09:37:42","slug":"mezimaz-mix-cukormaz-alappor-egyszeru-cukormaz","status":"publish","type":"product","link":"https:\/\/mezibyszoni.hu\/__old\/termek\/mezimaz-mix-cukormaz-alappor-egyszeru-cukormaz\/","title":{"rendered":"M\u00e9zim\u00e1z Mix &#8211; cukorm\u00e1z alappor"},"content":{"rendered":"\t\t<div data-elementor-type=\"product-post\" data-elementor-id=\"7095\" class=\"elementor elementor-7095\" data-elementor-post-type=\"product\">\n\t\t\t\t\t\t<section class=\"elementor-section elementor-top-section elementor-element elementor-element-6383eae elementor-section-boxed elementor-section-height-default elementor-section-height-default\" data-id=\"6383eae\" data-element_type=\"section\" data-settings=\"{&quot;background_background&quot;:&quot;classic&quot;}\">\n\t\t\t\t\t\t<div class=\"elementor-container elementor-column-gap-default\">\n\t\t\t\t\t<div class=\"elementor-column elementor-col-100 elementor-top-column elementor-element elementor-element-db8cc44\" data-id=\"db8cc44\" data-element_type=\"column\">\n\t\t\t<div class=\"elementor-widget-wrap elementor-element-populated\">\n\t\t\t\t\t\t<div class=\"elementor-element elementor-element-e7e38ca elementor-widget__width-initial elementor--h-position-center elementor--v-position-middle elementor-arrows-position-inside elementor-pagination-position-inside elementor-widget elementor-widget-slides\" data-id=\"e7e38ca\" data-element_type=\"widget\" data-settings=\"{&quot;navigation&quot;:&quot;both&quot;,&quot;autoplay&quot;:&quot;yes&quot;,&quot;pause_on_hover&quot;:&quot;yes&quot;,&quot;pause_on_interaction&quot;:&quot;yes&quot;,&quot;autoplay_speed&quot;:5000,&quot;infinite&quot;:&quot;yes&quot;,&quot;transition&quot;:&quot;slide&quot;,&quot;transition_speed&quot;:500}\" data-widget_type=\"slides.default\">\n\t\t\t\t<div class=\"elementor-widget-container\">\n\t\t\t\t\t\t\t\t\t<div class=\"elementor-swiper\">\n\t\t\t\t\t<div class=\"elementor-slides-wrapper elementor-main-swiper swiper\" role=\"region\" aria-roledescription=\"carousel\" aria-label=\"Di\u00e1k\" dir=\"ltr\" data-animation=\"fadeInUp\">\n\t\t\t\t<div class=\"swiper-wrapper elementor-slides\">\n\t\t\t\t\t\t\t\t\t\t<div class=\"elementor-repeater-item-ff05581 swiper-slide\" role=\"group\" aria-roledescription=\"slide\"><div class=\"swiper-slide-bg elementor-ken-burns elementor-ken-burns--in\" role=\"img\" aria-label=\"5DA_0276\"><\/div><div class=\"elementor-background-overlay\"><\/div><div class=\"swiper-slide-inner\" ><div class=\"swiper-slide-contents\"><div class=\"elementor-slide-heading\">T\u00f6k\u00e9letes cukorm\u00e1z alap 1 perc alatt: Ez a M\u00e9zim\u00e1z Mix<\/div><div class=\"elementor-slide-description\">Megannyi kipr\u00f3b\u00e1lt recept ut\u00e1n, v\u00e9gre f\u00e9ny der\u00fclt a legmegb\u00edzhat\u00f3bb, legegyszer\u0171bb \u00e9s legpraktikusabb cukorm\u00e1zra, r\u00e1ad\u00e1sul nyers toj\u00e1s n\u00e9lk\u00fcl.<\/div><div  class=\"elementor-button elementor-slide-button elementor-size-sm\">HASZN\u00c1LD TE IS<\/div><\/div><\/div><\/div>\t\t\t\t<\/div>\n\t\t\t\t\t\t\t<\/div>\n\t\t\t\t<\/div>\n\t\t\t\t\t\t\t\t<\/div>\n\t\t\t\t<\/div>\n\t\t\t\t<div class=\"elementor-element elementor-element-562df0f elementor-view-default elementor-widget elementor-widget-icon\" data-id=\"562df0f\" data-element_type=\"widget\" data-widget_type=\"icon.default\">\n\t\t\t\t<div class=\"elementor-widget-container\">\n\t\t\t\t\t\t\t<div class=\"elementor-icon-wrapper\">\n\t\t\t<div class=\"elementor-icon\">\n\t\t\t<i aria-hidden=\"true\" class=\"fas fa-check\"><\/i>\t\t\t<\/div>\n\t\t<\/div>\n\t\t\t\t\t\t<\/div>\n\t\t\t\t<\/div>\n\t\t\t\t<div class=\"elementor-element elementor-element-cb39481 elementor-widget elementor-widget-text-editor\" data-id=\"cb39481\" data-element_type=\"widget\" data-widget_type=\"text-editor.default\">\n\t\t\t\t<div class=\"elementor-widget-container\">\n\t\t\t\t\t\t\t\t\t<p>\u2665 Vill\u00e1mgyors \u00e9s egyszer\u0171\u00a0 elk\u00e9sz\u00edt\u00e9s<\/p>\t\t\t\t\t\t\t\t<\/div>\n\t\t\t\t<\/div>\n\t\t\t\t<div class=\"elementor-element elementor-element-e81f593 elementor-widget elementor-widget-text-editor\" data-id=\"e81f593\" data-element_type=\"widget\" data-widget_type=\"text-editor.default\">\n\t\t\t\t<div class=\"elementor-widget-container\">\n\t\t\t\t\t\t\t\t\t<p>\u2665 Sz\u00e9p feh\u00e9r alapsz\u00edn, feh\u00e9r fest\u00e9k hozz\u00e1ad\u00e1sa n\u00e9lk\u00fcl<\/p>\t\t\t\t\t\t\t\t<\/div>\n\t\t\t\t<\/div>\n\t\t\t\t<div class=\"elementor-element elementor-element-1d2c2a1 elementor-widget elementor-widget-text-editor\" data-id=\"1d2c2a1\" data-element_type=\"widget\" data-widget_type=\"text-editor.default\">\n\t\t\t\t<div class=\"elementor-widget-container\">\n\t\t\t\t\t\t\t\t\t<p>\u2665 Sz\u00ednezhet\u0151, hig\u00edthat\u00f3\u00a0<\/p>\t\t\t\t\t\t\t\t<\/div>\n\t\t\t\t<\/div>\n\t\t\t\t<div class=\"elementor-element elementor-element-8d354df elementor-widget elementor-widget-text-editor\" data-id=\"8d354df\" data-element_type=\"widget\" data-widget_type=\"text-editor.default\">\n\t\t\t\t<div class=\"elementor-widget-container\">\n\t\t\t\t\t\t\t\t\t<p>\u2665 M\u00e9zim\u00e1z Mix + v\u00edz + 1 perc kever\u00e9s = t\u00f6k\u00e9letes cukorm\u00e1z alap<\/p>\t\t\t\t\t\t\t\t<\/div>\n\t\t\t\t<\/div>\n\t\t\t\t\t<\/div>\n\t\t<\/div>\n\t\t\t\t\t<\/div>\n\t\t<\/section>\n\t\t\t\t<section class=\"elementor-section elementor-top-section elementor-element elementor-element-4db79f68 elementor-section-boxed elementor-section-height-default elementor-section-height-default\" data-id=\"4db79f68\" data-element_type=\"section\">\n\t\t\t\t\t\t<div class=\"elementor-container elementor-column-gap-default\">\n\t\t\t\t\t<div class=\"elementor-column elementor-col-100 elementor-top-column elementor-element elementor-element-3733f72f\" data-id=\"3733f72f\" data-element_type=\"column\">\n\t\t\t<div class=\"elementor-widget-wrap elementor-element-populated\">\n\t\t\t\t\t\t<div class=\"elementor-element elementor-element-5ad7bed4 elementor-widget elementor-widget-text-editor\" data-id=\"5ad7bed4\" data-element_type=\"widget\" data-widget_type=\"text-editor.default\">\n\t\t\t\t<div class=\"elementor-widget-container\">\n\t\t\t\t\t\t\t\t\t<p class=\"_04xlpA direction-ltr align-start para-style-body\"><span class=\"S1PPyQ\">Dekor\u00e1ci\u00f3s alappor m\u00e9zeskal\u00e1csb\u00f3l k\u00e9sz\u00fcl\u0151 aj\u00e1nd\u00e9kt\u00e1rgyak d\u00edsz\u00edt\u00e9s\u00e9hez.<\/span><\/p><p><span class=\"S1PPyQ\"><b>Felhaszn\u00e1l\u00e1sa:\u00a0<\/b><\/span><\/p><p><span class=\"S1PPyQ\">A csomag tartalm\u00e1hoz adj 45 ml vizet, majd k\u00e9zi robotg\u00e9ppel a legalacsonyabb fokozaton keverd 1 -1,5 percig!\u00a0<\/span><\/p><p><span class=\"S1PPyQ\"><u><i><b>Tipp:<\/b><\/i><\/u> Ha szeretn\u00e9d, hogy a m\u00e9zeskal\u00e1csok fel\u00fclet\u00e9t bebor\u00edtsa a m\u00e1z, akkor ezeknek a fel\u00fcleteteknek a kit\u00f6lt\u00e9s\u00e9hez h\u00edgabb \u00e1llagot haszn\u00e1lj! Ezt \u00fagy \u00e9rheted el, hogy apr\u00e1nk\u00e9nt\u00a0 -p\u00e1r cseppenk\u00e9nt- vizet adagolsz a m\u00e1zhoz.<\/span><\/p><p><span class=\"S1PPyQ\">A k\u00edv\u00e1nt \u00e1llag el\u00e9r\u00e9se ut\u00e1n, habzs\u00e1kba t\u00f6ltve haszn\u00e1ljuk, majd legal\u00e1bb egy \u00e9jszak\u00e1n \u00e1t hagyjuk sz\u00e1radni.\u00a0<\/span><\/p><p><span class=\"S1PPyQ\"><b><u><i>Tipp:<\/i><\/u><\/b> F\u00e9nyesebb fel\u00fclet el\u00e9r\u00e9s\u00e9hez gyors\u00edthatjuk a sz\u00e1rad\u00e1si folyamatot gy\u00fcm\u00f6lcsaszal\u00f3 g\u00e9ppel, vagy s\u00fct\u0151ben h\u0151fok n\u00e9lk\u00fcl, l\u00e9gkever\u00e9ssel, de fontos, hogy ezut\u00e1n is kell hagyni egy \u00e9jszak\u00e1n \u00e1t sz\u00e1radni csomagol\u00e1s el\u0151tt.<\/span><\/p><p>A bekevert m\u00e1zat \u00e1tkever\u00e9s ut\u00e1n m\u00e1snap is felhaszn\u00e1lhatjuk.<\/p><p>Ez a mennyis\u00e9g <b>kb. 25.30 db<\/b> k\u00f6zepes m\u00e9ret\u0171 keksz kid\u00edsz\u00edt\u00e9s\u00e9re el\u00e9g.<\/p><p><b><u><i>Tipp:<\/i><\/u><\/b> ha kisebb mennyis\u00e9gre van sz\u00fcks\u00e9ged, akkor 7:1 ar\u00e1nyban is bekeverheted az alapot, azaz 7 g M\u00e9zim\u00e1z Mixhez 1 ml vizet adj.<\/p><p>kiszerel\u00e9s: 320 g<\/p><p class=\"_04xlpA direction-ltr align-start para-style-body\"><span class=\"S1PPyQ\">\u00d6sszetev\u0151k:\u00a0porcukor, sz\u00e1r\u00edtott toj\u00e1sfeh\u00e9rje, tiszt\u00edtott, sz\u00e1r\u00edtott gl\u00fck\u00f3z szirup, \u00e9tkez\u00e9si kukoricakem\u00e9ny\u00edt\u0151, savany\u00fas\u00e1got szab\u00e1lyoz\u00f3 anyag (E330), aroma<\/span><\/p><p class=\"_04xlpA direction-ltr align-start para-style-body\"><span class=\"S1PPyQ\">A dekor\u00e1ci\u00f3s alappor nem min\u0151s\u00fcl \u00e9lelmiszernek. <\/span><span class=\"S1PPyQ\">Eg\u00e9szs\u00e9gre \u00e1rtalmas anyagot nem tartalmaz.<\/span><\/p>\t\t\t\t\t\t\t\t<\/div>\n\t\t\t\t<\/div>\n\t\t\t\t\t<\/div>\n\t\t<\/div>\n\t\t\t\t\t<\/div>\n\t\t<\/section>\n\t\t\t\t<\/div>\n\t\t","protected":false},"excerpt":{"rendered":"<p>M\u00e9zim\u00e1z Mix \u2013 cukorm\u00e1z alappor<\/p>\n<p>1,5 perc alatt kikeverhet\u0151, egyszer\u0171 cukorm\u00e1z alappor m\u00e9zeskal\u00e1cs aj\u00e1nd\u00e9kok dekor\u00e1l\u00e1s\u00e1hoz.<\/p>\n<p>K\u00e9szleten<\/p>\n<p>&nbsp;<\/p>\n","protected":false},"featured_media":12049,"template":"","meta":[],"product_cat":[51],"product_tag":[],"class_list":{"0":"post-7095","1":"product","2":"type-product","3":"status-publish","4":"has-post-thumbnail","6":"product_cat-csinald-magad","8":"entry","9":"has-media","11":"first","12":"instock","13":"shipping-taxable","14":"purchasable","15":"product-type-simple","16":"has-product-nav","17":"col","18":"span_1_of_3","19":"owp-content-center","20":"owp-thumbs-layout-horizontal","21":"owp-btn-normal","22":"owp-tabs-layout-horizontal"},"bundled_by":["9537"],"bundle_stock_status":"instock","bundle_stock_quantity":null,"bundle_virtual":false,"bundle_layout":"","bundle_add_to_cart_form_location":"","bundle_editable_in_cart":false,"bundle_sold_individually_context":"","bundle_item_grouping":"","bundle_min_size":"","bundle_max_size":"","bundle_price":[],"bundled_items":[],"bundle_sell_ids":[],"jetpack_sharing_enabled":true,"_links":{"self":[{"href":"https:\/\/mezibyszoni.hu\/__old\/wp-json\/wp\/v2\/product\/7095"}],"collection":[{"href":"https:\/\/mezibyszoni.hu\/__old\/wp-json\/wp\/v2\/product"}],"about":[{"href":"https:\/\/mezibyszoni.hu\/__old\/wp-json\/wp\/v2\/types\/product"}],"version-history":[{"count":57,"href":"https:\/\/mezibyszoni.hu\/__old\/wp-json\/wp\/v2\/product\/7095\/revisions"}],"predecessor-version":[{"id":12967,"href":"https:\/\/mezibyszoni.hu\/__old\/wp-json\/wp\/v2\/product\/7095\/revisions\/12967"}],"wp:featuredmedia":[{"embeddable":true,"href":"https:\/\/mezibyszoni.hu\/__old\/wp-json\/wp\/v2\/media\/12049"}],"wp:attachment":[{"href":"https:\/\/mezibyszoni.hu\/__old\/wp-json\/wp\/v2\/media?parent=7095"}],"wp:term":[{"taxonomy":"product_cat","embeddable":true,"href":"https:\/\/mezibyszoni.hu\/__old\/wp-json\/wp\/v2\/product_cat?post=7095"},{"taxonomy":"product_tag","embeddable":true,"href":"https:\/\/mezibyszoni.hu\/__old\/wp-json\/wp\/v2\/product_tag?post=7095"}],"curies":[{"name":"wp","href":"https:\/\/api.w.org\/{rel}","templated":true}]}}