{"id":13341,"date":"2025-08-27T10:35:42","date_gmt":"2025-08-27T09:35:42","guid":{"rendered":"https:\/\/mezibyszoni.hu\/?post_type=product&#038;p=13341"},"modified":"2025-09-18T15:14:55","modified_gmt":"2025-09-18T14:14:55","slug":"2025-09-27-oszi-mezeskalacs-diszito-workshop","status":"publish","type":"product","link":"https:\/\/mezibyszoni.hu\/__old\/termek\/2025-09-27-oszi-mezeskalacs-diszito-workshop\/","title":{"rendered":"2025.09.27. &#8211; \u0150szi m\u00e9zeskal\u00e1cs d\u00edsz\u00edt\u0151 workshop"},"content":{"rendered":"\t\t<div data-elementor-type=\"product-post\" data-elementor-id=\"13341\" class=\"elementor elementor-13341\" data-elementor-post-type=\"product\">\n\t\t\t\t\t\t<section class=\"elementor-section elementor-top-section elementor-element elementor-element-645862d3 elementor-section-boxed elementor-section-height-default elementor-section-height-default\" data-id=\"645862d3\" data-element_type=\"section\">\n\t\t\t\t\t\t<div class=\"elementor-container elementor-column-gap-default\">\n\t\t\t\t\t<div class=\"elementor-column elementor-col-100 elementor-top-column elementor-element elementor-element-4c2b4d4d\" data-id=\"4c2b4d4d\" data-element_type=\"column\">\n\t\t\t<div class=\"elementor-widget-wrap elementor-element-populated\">\n\t\t\t\t\t\t<div class=\"elementor-element elementor-element-76fa0ae9 elementor-widget__width-initial elementor-widget elementor-widget-text-editor\" data-id=\"76fa0ae9\" data-element_type=\"widget\" data-widget_type=\"text-editor.default\">\n\t\t\t\t<div class=\"elementor-widget-container\">\n\t\t\t\t\t\t\t\t\t<h2>M\u00e9zeskal\u00e1cs D\u00edsz\u00edt\u0151 Workshop<\/h2><p>A M\u00e9zim\u00e1z M\u0171hely egy olyan alkalom, ahol alkothatsz, kikapcsol\u00f3dhatsz, \u00e9s k\u00f6zben megtapasztalhatod, milyen j\u00f3 \u00e9rz\u00e9s valamit saj\u00e1t k\u00e9zzel l\u00e9trehozni.<\/p><p>L\u00e9p\u00e9sr\u0151l l\u00e9p\u00e9sre haladsz, sz\u00e9p dolgokat k\u00e9sz\u00edtesz, \u00e9s a v\u00e9g\u00e9n hazavihetsz egy olyan m\u00e9zeskal\u00e1cs szettet, amire t\u00e9nyleg b\u00fcszke lehetsz \u2013 ak\u00e1r aj\u00e1nd\u00e9knak sz\u00e1nod, ak\u00e1r csak magadnak tartod meg.<\/p><p><a style=\"font-size: 21px;\" href=\"https:\/\/mezibyszoni.hu\/__old\/mezeskalacs-diszito-workshop\/\">\u00a0Ide kattintva m\u00e9g b\u0151vebben olvashatsz a M\u00e9zim\u00e1z M\u0171helyr\u0151l<\/a><\/p><h2><span style=\"background-color: var( --e-global-color-primary ); font-size: 35px;\">\u00a0<\/span><\/h2><h3><span style=\"background-color: var( --e-global-color-primary ); font-size: 35px;\">Hobbi, \u00f6nkifejez\u00e9si m\u00f3d, kikapcsol\u00f3d\u00e1si forma, alkot\u00e1s, vend\u00e9gv\u00e1r\u00e1s, DIY aj\u00e1nd\u00e9k k\u00e9sz\u00edt\u00e9s: mindez lehet sz\u00e1modra is a m\u00e9zeskal\u00e1cs d\u00edsz\u00edt\u00e9s<br \/><\/span><\/h3><p><span style=\"font-size: 21px; color: var( --e-global-color-text ); background-color: var( --e-global-color-primary );\">A m\u00e9zeskal\u00e1cs d\u00edsz\u00edt\u00e9s lehet sz\u00e1modra hobbi, kikapcsol\u00f3d\u00e1s, egy \u00fajfajta \u00f6nkifejez\u00e9s \u2013 vagy \u00e9pp egy kedves, k\u00e9zzel k\u00e9sz\u00edtett aj\u00e1nd\u00e9k form\u00e1ja.<\/span><\/p><p>B\u00e1rmelyik miatt j\u00f6ssz, biztosan megtal\u00e1lod benne az \u00f6r\u00f6m\u00f6t.<\/p><p>\u2665 Ha szeretn\u00e9l valamit adni, ami t\u00e9nyleg szem\u00e9lyes \u2013 most lehet\u0151s\u00e9ged van elk\u00e9sz\u00edteni.<\/p><p>\u2665 Ha valami igaz\u00e1n egyedit alkotn\u00e1l, itt minden adott hozz\u00e1: form\u00e1k, sz\u00ednek, technik\u00e1k, \u00e9s egy kis inspir\u00e1ci\u00f3.<\/p><p>\u2665 Ha m\u00e9g sosem pr\u00f3b\u00e1ltad, de r\u00e9g\u00f3ta vonz, itt biztons\u00e1gban vagy \u2013 seg\u00edt\u00fcnk minden l\u00e9p\u00e9sn\u00e9l, \u00e9s lehet, hogy egy \u00faj kedvenc hobbira tal\u00e1lsz r\u00e1.<\/p><p><span style=\"color: #333333; font-family: 'Yeseva One'; font-size: 35px; font-weight: 400; background-color: var( --e-global-color-primary );\">\u00a0<\/span><\/p><h2>Mi v\u00e1r r\u00e1d a M\u00e9zim\u00e1z M\u0171helyen:<\/h2><ul><li style=\"font-size: 21px;\">\u2665A k\u00e9pen l\u00e1that\u00f3 szett kid\u00edsz\u00edt\u00e9se el\u0151re megs\u00fct\u00f6tt m\u00e9zeskal\u00e1csokra, \u00e9s az ehhez sz\u00fcks\u00e9ges technik\u00e1k tud\u00e1s\u00e1nak megszerz\u00e9se,<\/li><li style=\"font-size: 21px;\"><span style=\"font-variant-ligatures: normal; font-variant-caps: normal; font-family: Outfit, sans-serif; font-size: 21px; font-style: normal; font-weight: 300;\">\u2665Profi eszk\u00f6z\u00f6k \u00e9s alapanyagok haszn\u00e1lata lesz biztos\u00edtva sz\u00e1modra,<\/span><\/li><li style=\"font-size: 21px;\">\u2665Csoportos, szem\u00e9lyes foglalkoz\u00e1s, ahol azonnal visszajelz\u00e9st kapsz,<\/li><li style=\"font-size: 21px;\"><span style=\"font-size: 21px; color: var( --e-global-color-text );\">\u2665F\u00e9l napos program, hogy belemer\u00fclhess az alkot\u00e1s \u00f6r\u00f6m\u00e9be,<\/span><\/li><li style=\"font-size: 21px;\">\u2665Saj\u00e1t k\u00e9sz\u00edt\u00e9s\u0171, d\u00edszdobozos, k\u00e9zm\u0171ves aj\u00e1nd\u00e9kkal t\u00e9rhetsz haza.<\/li><\/ul><h2>\u00a0<\/h2><h2 style=\"font-variant-ligatures: normal; font-variant-caps: normal; font-style: normal;\">Mi\u00e9rt v\u00e1laszd a M\u00c9ZI by Szoni M\u00e9zeskal\u00e1cs D\u00edsz\u00edt\u0151 Workshopot?<\/h2><ul><li>Ha most ismerkedsz a m\u00e9zeskal\u00e1cs d\u00edsz\u00edt\u00e9ssel, vagy m\u00e1r kipr\u00f3b\u00e1ltad, de szeretn\u00e9l fejl\u0151dni, akkor itt j\u00f3 kezekben leszel.<\/li><li><p>\u2192T\u00f6bb mint 10,000 d\u00edsz\u00edtett m\u00e9zeskal\u00e1cs d\u00edsz\u00edt\u00e9s\u00e9nek tapasztalat\u00e1t tudom magam m\u00f6g\u00f6tt, \u00edgy gyakorlatias tippjeimmel l\u00e1tlak el.<span style=\"font-size: 21px; color: var( --e-global-color-text ); background-color: var( --e-global-color-primary );\">\u00a0<\/span><\/p><\/li><li>\u2192Szak\u00e9rt\u0151i szeml\u00e9lettel seg\u00edtelek, hogy elker\u00fcld a gyakori hib\u00e1kat \u00e9s hat\u00e9kony technik\u00e1kat tanulj.<\/li><li>\u00a0<\/li><li>\u2192T\u00f6bb mint 8 \u00e9vig dolgoztam cukr\u00e1szk\u00e9nt, 2021 \u00f3ta pedig f\u0151\u00e1ll\u00e1sban csak a m\u00e9zeskal\u00e1cs d\u00edsz\u00edt\u00e9ssel foglalkozom.<\/li><li>Ez id\u0151 alatt rengeteg m\u00e9zit k\u00e9sz\u00edtettem, sok-sok helyre eljutottam. T\u00f6bbsz\u00f6r szerepeltem t\u00e9v\u00e9ben, \u00fajs\u00e1gban, tan\u00edtottam nemzetk\u00f6zi cukr\u00e1sz show-kon Angil\u00e1ban \u00e9s N\u00e9metorsz\u00e1gban.<\/li><li>\u00a0<\/li><li><span style=\"font-family: Outfit, sans-serif; font-size: 21px; font-style: normal; font-variant-ligatures: normal; font-variant-caps: normal; font-weight: 300;\">\u2192<\/span><b>Az elm\u00falt \u00e9vekben t\u00f6bb sz\u00e1z r\u00e9sztvev\u0151t vezettem v\u00e9gig ezen a folyamaton<\/b> \u2013 olyanokat is, akik el\u0151sz\u00f6r tartottak habzs\u00e1kot a kez\u00fckben. Mindig l\u00e9p\u00e9sr\u0151l l\u00e9p\u00e9sre haladunk, biztons\u00e1gban vagy, seg\u00edtek minden mozdulatn\u00e1l.<\/li><li>C\u00e9lom, hogy \u00fagy menj haza, hogy k\u00f6zben kikapcsolt\u00e1l, felt\u00f6lt\u0151dt\u00e9l, \u00e9s valami olyat k\u00e9sz\u00edtett\u00e9l, amire t\u00e9nyleg b\u00fcszke vagy.<\/li><li>\u00a0<\/li><li>\u00a0<\/li><\/ul><h1><b>Mit kapsz a M\u00e9zim\u00e1z M\u0171helyen?<\/b><\/h1><p>\u2666R\u00e9szv\u00e9tel a kb. 6-7 \u00f3r\u00e1s szem\u00e9lyes workshopon, ahol elsaj\u00e1t\u00edtod a cukorm\u00e1zas d\u00edsz\u00edt\u00e9s alapjait, \u00e9s a megtanult technik\u00e1kat egyb\u0151l a gyakorlatba \u00fclteted egy sz\u00e9ps\u00e9ges m\u00e9zi szett megalkot\u00e1s\u00e1val, amit d\u00edszdobozban vihetsz haza. Az alkalom sor\u00e1n el\u0151re megs\u00fct\u00f6tt m\u00e9zeskal\u00e1csokra dolgozunk. Egy nyomtatott anyaggal is k\u00e9sz\u00fcl\u00f6k, hogy otthon \u00fajra meg tudd alkotni a form\u00e1kat. Ehhez recepteket, \u00e9s egy\u00e9b seg\u00edts\u00e9geket tal\u00e1lsz majd a nyomtatott anyagban.<\/p><h1><b>B\u00d3NUSZK\u00c9NT EZEKET IS MEGKAPOD:<\/b><\/h1><p>\u2666Nyomtatott m\u00e9zeskal\u00e1cs recept, \u00e9s puska a d\u00edsz\u00edt\u00e9shez,<br \/>\u2666D\u00edszcsomagol\u00e1s a k\u00e9sz m\u00e9zikhez,<br \/>\u2666Nyomtatott gyakorl\u00f3 sablon.<\/p><h2>Mit lehet ezen fel\u00fcl k\u00e9rni a workshop r\u00e9szv\u00e9tel mell\u00e9?<\/h2><ul><li><b>\u2665M\u00e9zeskal\u00e1cs D\u00edsz\u00edt\u00e9s A-t\u00f3l Z-ig E-BOOK\u2665<br \/><\/b>Ez tartalmazza a workshopon elhangz\u00f3 tud\u00e1sanyagot \u00edr\u00e1sos verzi\u00f3ban \u2013 bele\u00e9rtve,\u00a0s\u0151t m\u00e9g r\u00e9szletesebben kifejtve a workshop alatt elhangzott tud\u00e1sanyagot 40 oldalon \u00e1t. Ez egy \u00e1ltal\u00e1nos \u00e9s \u00e1tfog\u00f3 tud\u00e1sanyag a m\u00e9zeskal\u00e1csd\u00edsz\u00edt\u00e9s rejtelmeir\u0151l. Nem konkr\u00e9tan a workshopon elk\u00e9sz\u00edtett m\u00e9zeskal\u00e1csokr\u00f3l sz\u00f3l.\u00a0<\/li><li>\u00a0<\/li><li>Az e-book \u00e1ra 9900 Ft, de a workshop mell\u00e9 3900 Ft-\u00e9rt beszerezhet\u0151.<\/li><li>\u00a0<\/li><\/ul><p><b>Mi\u00e9rt \u00e9rdemes az e-bookot is k\u00e9rni a workshop mell\u00e9?<\/b><\/p><ul><li>\u2192\u00d6r\u00f6k tud\u00e1s: Az \u00e1tfog\u00f3 e-book biztos\u00edtja, hogy ne vesz\u00edtsd el a megszerzett tud\u00e1st.<\/li><li>\u2192M\u00e9lyebb betekint\u00e9s: R\u00e9szletes e-book kifejtett magyar\u00e1zatokkal.<\/li><li>\u2192Kiz\u00e1r\u00f3lagos hozz\u00e1f\u00e9r\u00e9s: Az e-book jelenleg nem \u00e9rhet\u0151 el mag\u00e1ban, csak workshop vagy DIY box mell\u00e9 rendelhet\u0151.<\/li><li>\u00a0<\/li><li>\u00a0<\/li><\/ul><p>\u2665Lehet\u0151s\u00e9ged van el\u0151rendel\u00e9st leadni <b>M\u00e9zim\u00e1z Mixre<\/b> &#8211; amivel a program alatt is dolgozni fogunk-, valamint az elk\u00e9sz\u00edtett szett s\u00fctikisz\u00far\u00f3 szettj\u00e9re. El\u0151rendel\u00e9s eset\u00e9n ezeket a workshopon szem\u00e9lyesen kapod meg. 1 db M\u00e9zim\u00e1z Mix 1950 Ft-ba ker\u00fcl. Ha t\u00f6bb darabot szeretn\u00e9l, akkor a kos\u00e1rban tudod n\u00f6velni a mennyis\u00e9get.<\/p><p><b>\u00a0<\/b><\/p><p>Csatlakozz a M\u00e9zim\u00e1z M\u0171helyhez, \u00e9s pr\u00f3b\u00e1ld ki, milyen \u00e9rz\u00e9s m\u00e9zeskal\u00e1csot d\u00edsz\u00edteni \u2013 csak \u00fagy, \u00f6r\u00f6mb\u0151l.<\/p><p>Ez a program lehet neked egy \u00faj hobbi kezdete, egy sz\u00e9p aj\u00e1nd\u00e9k k\u00e9sz\u00edt\u00e9s\u00e9nek alkalma, vagy egyszer\u0171en egy p\u00e1r \u00f3ra, amikor csak az alkot\u00e1sra figyelsz.<\/p><p>Kikapcsol, felt\u00f6lt, \u00e9s k\u00f6zben valami igaz\u00e1n sz\u00e9pet hozol l\u00e9tre.<\/p><p dir=\"ltr\"><b><span style=\"font-size: 21px; color: var( --e-global-color-text ); background-color: var( --e-global-color-primary );\">Helysz\u00edn: Budapest, VII. ker\u00fclet, Astoria<\/span><br \/><\/b><\/p><p dir=\"ltr\"><b>Id\u0151tartam: kb. 6-7 \u00f3ra, de mindig az \u00f6sszegy\u0171lt t\u00e1rsas\u00e1g temp\u00f3j\u00e1t\u00f3l f\u00fcgg. Senkit nem hagyunk lemaradni.<\/b><\/p><p dir=\"ltr\"><b>Szint:\u00a0nincs sz\u00fcks\u00e9g el\u0151k\u00e9pzetts\u00e9gre<\/b><\/p><p dir=\"ltr\"><b>Kezd\u00e9s:\u00a010:30<\/b><\/p><p dir=\"ltr\"><b>T\u00e1voz\u00e1s: kb. 16:30 &#8211; 17:20 k\u00f6z\u00f6tt, ahogy k\u00e9szen vagyunk \ud83d\ude42<\/b><\/p><p dir=\"ltr\"><b>L\u00e9tsz\u00e1m: 5-11 f\u0151<\/b><\/p><p>Sz\u00e1ml\u00e1t mag\u00e1nszem\u00e9lyek r\u00e9sz\u00e9re tudok ki\u00e1ll\u00edtani a foglalkoz\u00e1sr\u00f3l.<br \/>Ez a program nem min\u0151s\u00fcl oktat\u00e1snak.<\/p><p>A r\u00e9szv\u00e9teli d\u00edjat \u00e9s az el\u0151rendelt extr\u00e1kat lehet\u0151s\u00e9g van a p\u00e9nzt\u00e1r oldalon bankk\u00e1rty\u00e1val kifizetni, ha pedig az el\u0151re utal\u00e1st v\u00e1lasztod, akkor a sz\u00e1ml\u00e1n felt\u00fcntetett hat\u00e1rid\u0151ig sz\u00fcks\u00e9ges a fizet\u00e9sr\u0151l gondoskodnod. A sz\u00e1ml\u00e1t r\u00f6videsen k\u00fcldj\u00fck e-mailben.<\/p><div>\u00a0<\/div><p dir=\"ltr\"><b>\u00a0<\/b><\/p><p dir=\"ltr\"><b>Lemond\u00e1si \u00e9s id\u0151pont m\u00f3dos\u00edt\u00e1si felt\u00e9telek, amit elfogadsz a jelentkez\u00e9s bek\u00fcld\u00e9s\u00e9vel:<\/b><\/p><p dir=\"ltr\" style=\"font-variant-ligatures: normal; font-variant-caps: normal; font-family: Outfit, sans-serif; font-size: 21px; font-style: normal; font-weight: 300;\"><u>A jelentkez\u00e9sed -ak\u00e1r az utols\u00f3 pillanatig is- \u00e1truh\u00e1zhat\u00f3. K\u00e9rlek, e-mailben jelezd, ha helyetted valaki m\u00e1s fog elj\u00f6nni.<\/u><\/p><p>Ha m\u00e9gsem tudsz elj\u00f6nni a lefoglalt \u00e9s visszaigazolt id\u0151pontban, akkor legk\u00e9s\u0151bb a lefoglalt id\u0151pontt\u00f3l visszafel\u00e9 sz\u00e1m\u00edtott 10. napt\u00e1ri napig van lehet\u0151s\u00e9ged m\u00f3dos\u00edt\u00e1sra vagy a jelentkez\u00e9sed visszavon\u00e1s\u00e1ra. Ezt kiz\u00e1r\u00f3lag a hello@mezibyszoni.hu\/__old e-mail c\u00edmre \u00edr\u00e1sban tudod jelezni. Ezut\u00e1n egyeztet\u00fcnk, hogy van-e hely m\u00e1s alkalomra vagy t\u00f6r\u00f6lj\u00fck-e a jelentkez\u00e9st.<\/p><p dir=\"ltr\" style=\"font-variant-ligatures: normal; font-variant-caps: normal; font-family: Outfit, sans-serif; font-size: 21px; font-style: normal; font-weight: 300;\">Ha enn\u00e9l k\u00e9s\u0151bb, de nem 48 (negyvennyolc) \u00f3r\u00e1n bel\u00fcl jelzed, hogy nem j\u00f6ssz a visszaigazolt alkalomra, akkor k\u00f6teles vagy megfizetni az r\u00e9szv\u00e9teli d\u00edj 50 (\u00f6tven) % -\u00e1t. Az esetlegesen k\u00e9rt kieg\u00e9sz\u00edt\u0151k \u00e1r\u00e1nak banki kezel\u00e9si d\u00edjjal cs\u00f6kkentett \u00f6sszeg\u00e9t visszat\u00e9r\u00edtj\u00fck sz\u00e1modra. Ezzel egyid\u0151ben t\u00f6rl\u00e9sre ker\u00fcl a jelentkez\u00e9sed \u00e9s semmilyen a workshop r\u00e9szv\u00e9telhez tartoz\u00f3 anyag hozz\u00e1f\u00e9r\u00e9s\u00e9hez nem vagy jogosult.<\/p><p dir=\"ltr\" style=\"font-variant-ligatures: normal; font-variant-caps: normal; font-family: Outfit, sans-serif; font-size: 21px; font-style: normal; font-weight: 300;\">Ha 48 (negyvennyolc) \u00f3r\u00e1n bel\u00fcl, vagy sehogy nem jelzed, hogy nem j\u00f6ssz el a visszaigazolt alkalomra, akkor nem tudjuk m\u00e1r m\u00f3dos\u00edtani vagy t\u00f6r\u00f6lni a jelentkez\u00e9st. Ebben az esetben csak az esetlegesen megrendelt kieg\u00e9sz\u00edt\u0151k \u00e1r\u00e1nak banki kezel\u00e9si d\u00edjjal cs\u00f6kkentett \u00f6sszeg\u00e9t tudjuk visszat\u00e9r\u00edteni sz\u00e1modra. A workshopr\u00f3l hazavihet\u0151 anyagokat 1 (egy) h\u00e9ten bel\u00fcl e-mailben eljuttatjuk sz\u00e1modra, \u00fagy mint a recept, a gyakorl\u00f3 sablon \u00e9s a 15% -os kupon a cukr\u00e1szati webshopba.<\/p><p dir=\"ltr\" style=\"font-variant-ligatures: normal; font-variant-caps: normal; font-family: Outfit, sans-serif; font-size: 21px; font-style: normal; font-weight: 300;\">Amennyiben a v\u00e1llalkoz\u00e1s r\u00e9sz\u00e9r\u0151l meghi\u00fasul a workshop megtart\u00e1sa, annak kider\u00fcl\u00e9sekor halad\u00e9ktalanul t\u00e1j\u00e9koztat\u00e1st kapnak e-mailben \u00e9s\/vagy telefonon a r\u00e9sztvev\u0151k. Ennek keret\u00e9ben \u00faj d\u00e1tum biztos\u00edt\u00e1sa vagy p\u00e9nzvisszafizet\u00e9s k\u00f6z\u00f6tt v\u00e1laszthat a v\u00e1s\u00e1rl\u00f3.\u00a0<\/p>\t\t\t\t\t\t\t\t<\/div>\n\t\t\t\t<\/div>\n\t\t\t\t\t<\/div>\n\t\t<\/div>\n\t\t\t\t\t<\/div>\n\t\t<\/section>\n\t\t\t\t<\/div>\n\t\t","protected":false},"excerpt":{"rendered":"<p>Saj\u00e1t\u00edtsd el egy \u00faj kreat\u00edv hobbi fort\u00e9lyait az \u0150szi m\u00e9zeskal\u00e1cs d\u00edsz\u00edt\u0151 workshopon!<br \/>\nGyere el, \u00e9s d\u00edsz\u00edts\u00fcnk egy\u00fctt gy\u00f6ny\u00f6r\u0171, modern st\u00edlus\u00fa m\u00e9zeskal\u00e1csokat!<\/p>\n","protected":false},"featured_media":13352,"template":"","meta":[],"product_cat":[56,51],"product_tag":[],"class_list":{"0":"post-13341","1":"product","2":"type-product","3":"status-publish","4":"has-post-thumbnail","6":"product_cat-workshop","7":"product_cat-csinald-magad","9":"entry","10":"has-media","12":"first","13":"instock","14":"virtual","15":"purchasable","16":"product-type-simple","17":"has-product-nav","18":"col","19":"span_1_of_3","20":"owp-content-center","21":"owp-thumbs-layout-horizontal","22":"owp-btn-normal","23":"owp-tabs-layout-horizontal"},"bundled_by":[],"bundle_stock_status":"instock","bundle_stock_quantity":10,"bundle_virtual":false,"bundle_layout":"","bundle_add_to_cart_form_location":"","bundle_editable_in_cart":false,"bundle_sold_individually_context":"","bundle_item_grouping":"","bundle_min_size":"","bundle_max_size":"","bundle_price":[],"bundled_items":[],"bundle_sell_ids":[10614,13342,10618],"jetpack_sharing_enabled":true,"_links":{"self":[{"href":"https:\/\/mezibyszoni.hu\/__old\/wp-json\/wp\/v2\/product\/13341"}],"collection":[{"href":"https:\/\/mezibyszoni.hu\/__old\/wp-json\/wp\/v2\/product"}],"about":[{"href":"https:\/\/mezibyszoni.hu\/__old\/wp-json\/wp\/v2\/types\/product"}],"version-history":[{"count":9,"href":"https:\/\/mezibyszoni.hu\/__old\/wp-json\/wp\/v2\/product\/13341\/revisions"}],"predecessor-version":[{"id":13368,"href":"https:\/\/mezibyszoni.hu\/__old\/wp-json\/wp\/v2\/product\/13341\/revisions\/13368"}],"wp:featuredmedia":[{"embeddable":true,"href":"https:\/\/mezibyszoni.hu\/__old\/wp-json\/wp\/v2\/media\/13352"}],"wp:attachment":[{"href":"https:\/\/mezibyszoni.hu\/__old\/wp-json\/wp\/v2\/media?parent=13341"}],"wp:term":[{"taxonomy":"product_cat","embeddable":true,"href":"https:\/\/mezibyszoni.hu\/__old\/wp-json\/wp\/v2\/product_cat?post=13341"},{"taxonomy":"product_tag","embeddable":true,"href":"https:\/\/mezibyszoni.hu\/__old\/wp-json\/wp\/v2\/product_tag?post=13341"}],"curies":[{"name":"wp","href":"https:\/\/api.w.org\/{rel}","templated":true}]}}