{"id":13071,"date":"2025-01-24T15:30:16","date_gmt":"2025-01-24T14:30:16","guid":{"rendered":"https:\/\/mezibyszoni.hu\/?post_type=product&#038;p=13071"},"modified":"2025-01-24T17:12:02","modified_gmt":"2025-01-24T16:12:02","slug":"4-db-os-sutemeny-kiszuro-szett-az-erdei-allatos-oszi-diy-box-formaival","status":"publish","type":"product","link":"https:\/\/mezibyszoni.hu\/__old\/termek\/4-db-os-sutemeny-kiszuro-szett-az-erdei-allatos-oszi-diy-box-formaival\/","title":{"rendered":"4 db-os s\u00fctem\u00e9ny kisz\u00far\u00f3 szett az erdei \u00e1llatos (\u0151szi) DIY box form\u00e1ival"},"content":{"rendered":"<p class=\"_04xlpA direction-ltr align-start para-style-body\">A s\u00fctem\u00e9ny kisz\u00far\u00f3k m\u00e9rete:<\/p>\n<p>\ud83e\ude77 R\u00f3ka fej: 60 x 53 mm<\/p>\n<p>\ud83e\ude77 T\u00f6k: 60 x 52 mm<\/p>\n<p>\ud83e\ude77 Maci fej: 50 x 46 mm<\/p>\n<p>\ud83e\ude77 Makk: 50 x 71 mm<\/p>\n<p>Ide\u00e1lis v\u00e1laszt\u00e1s a <a href=\"https:\/\/mezibyszoni.hu\/__old\/termek\/oszi-mezeskalacs-diszito-diy-box\/\">\u0150szi DIY\u00a0box<\/a> mell\u00e9.<\/p>\n<p>Anyaga: PLA<br \/>\nHaszn\u00e1lat ut\u00e1n langyos foly\u00f3v\u00edzzel moshat\u00f3. Ker\u00fcld az \u00e1ztat\u00e1st \u00e9s a mosogat\u00f3g\u00e9pben val\u00f3 tiszt\u00edt\u00e1st, mert ezeket nem b\u00edrja az anyag.<\/p>\n<p>A term\u00e9k <span style=\"text-decoration: underline;\">nem tartalmaz m\u00e9zeskal\u00e1csot<\/span>, csakis a s\u00fctem\u00e9nyszaggat\u00f3 form\u00e1kat.<\/p>\n","protected":false},"excerpt":{"rendered":"<p>A s\u00fctem\u00e9ny kisz\u00far\u00f3k m\u00e9rete: \ud83e\ude77 R\u00f3ka fej: 60 x 53 mm \ud83e\ude77 T\u00f6k: 60 x 52 mm \ud83e\ude77 Maci fej: 50 x 46 mm \ud83e\ude77 Makk: 50 x 71 mm Ide\u00e1lis v\u00e1laszt\u00e1s a \u0150szi DIY\u00a0box mell\u00e9. Anyaga: PLA Haszn\u00e1lat ut\u00e1n langyos foly\u00f3v\u00edzzel moshat\u00f3. Ker\u00fcld az \u00e1ztat\u00e1st \u00e9s a mosogat\u00f3g\u00e9pben val\u00f3 tiszt\u00edt\u00e1st, mert ezeket nem b\u00edrja [&hellip;]<\/p>\n","protected":false},"featured_media":13072,"template":"","meta":[],"product_cat":[51,78],"product_tag":[],"class_list":{"0":"post-13071","1":"product","2":"type-product","3":"status-publish","4":"has-post-thumbnail","6":"product_cat-csinald-magad","7":"product_cat-sutemeny-kiszurok","9":"entry","10":"has-media","12":"first","13":"instock","14":"virtual","15":"purchasable","16":"product-type-simple","17":"has-product-nav","18":"col","19":"span_1_of_3","20":"owp-content-center","21":"owp-thumbs-layout-horizontal","22":"owp-btn-normal","23":"owp-tabs-layout-horizontal"},"bundled_by":[],"bundle_stock_status":"instock","bundle_stock_quantity":null,"bundle_virtual":false,"bundle_layout":"","bundle_add_to_cart_form_location":"","bundle_editable_in_cart":false,"bundle_sold_individually_context":"","bundle_item_grouping":"","bundle_min_size":"","bundle_max_size":"","bundle_price":[],"bundled_items":[],"bundle_sell_ids":[],"jetpack_sharing_enabled":true,"_links":{"self":[{"href":"https:\/\/mezibyszoni.hu\/__old\/wp-json\/wp\/v2\/product\/13071"}],"collection":[{"href":"https:\/\/mezibyszoni.hu\/__old\/wp-json\/wp\/v2\/product"}],"about":[{"href":"https:\/\/mezibyszoni.hu\/__old\/wp-json\/wp\/v2\/types\/product"}],"version-history":[{"count":1,"href":"https:\/\/mezibyszoni.hu\/__old\/wp-json\/wp\/v2\/product\/13071\/revisions"}],"predecessor-version":[{"id":13073,"href":"https:\/\/mezibyszoni.hu\/__old\/wp-json\/wp\/v2\/product\/13071\/revisions\/13073"}],"wp:featuredmedia":[{"embeddable":true,"href":"https:\/\/mezibyszoni.hu\/__old\/wp-json\/wp\/v2\/media\/13072"}],"wp:attachment":[{"href":"https:\/\/mezibyszoni.hu\/__old\/wp-json\/wp\/v2\/media?parent=13071"}],"wp:term":[{"taxonomy":"product_cat","embeddable":true,"href":"https:\/\/mezibyszoni.hu\/__old\/wp-json\/wp\/v2\/product_cat?post=13071"},{"taxonomy":"product_tag","embeddable":true,"href":"https:\/\/mezibyszoni.hu\/__old\/wp-json\/wp\/v2\/product_tag?post=13071"}],"curies":[{"name":"wp","href":"https:\/\/api.w.org\/{rel}","templated":true}]}}