{"id":11969,"date":"2025-01-14T16:31:07","date_gmt":"2025-01-14T15:31:07","guid":{"rendered":"https:\/\/mezibyszoni.hu\/?post_type=product&#038;p=11969"},"modified":"2025-01-14T16:31:07","modified_gmt":"2025-01-14T15:31:07","slug":"oszi-mezeskalacs-diszito-diy-box","status":"publish","type":"product","link":"https:\/\/mezibyszoni.hu\/__old\/termek\/oszi-mezeskalacs-diszito-diy-box\/","title":{"rendered":"\u0150szi M\u00e9zeskal\u00e1cs D\u00edsz\u00edt\u0151 DIY Box"},"content":{"rendered":"<h3>\ud83e\udd8a \u0150szi M\u00e9zeskal\u00e1cs D\u00edsz\u00edt\u0151 DIY Box erdei \u00e1llatokkal\ud83e\udd8a<\/h3>\n<p>K\u00e9szen \u00e1llsz egy kis felt\u00f6lt\u0151 <strong>alkot\u00e1sra<\/strong>? Ezzel az ennival\u00f3an cuki DIY boxszal maxim\u00e1lisan \u0151szi kuck\u00f3z\u00f3s hangulatba ker\u00fclsz vagy ak\u00e1r ker\u00fclhettek a bar\u00e1tn\u0151iddel\/gyerekekkel. A boxban megtal\u00e1lod, amire sz\u00fcks\u00e9ged lesz ehhez a <strong>kreat\u00edv kikapcsol\u00f3d\u00e1s<\/strong>hoz.<\/p>\n<p>A m\u00e9zik <strong>megs\u00fctve \u00e9s illatozva<\/strong> v\u00e1rj\u00e1k, hogy cuki \u00e9s sz\u00ednes k\u00fcls\u0151t kapjanak. A <strong>t\u00f6k\u00e9letes cukorm\u00e1z<\/strong> alapot pedig p\u00e1r perc alatt ki tudod keverni a csomagban tal\u00e1lhat\u00f3 M\u00e9zim\u00e1z Mix seg\u00edts\u00e9g\u00e9vel. Mindehhez pedig m\u00e9g kapsz egy hozz\u00e1f\u00e9r\u00e9st is egy priv\u00e1t oldalhoz, ahol \u00f6sszefoglaltam minden tudnival\u00f3t.<\/p>\n<p>&nbsp;<\/p>\n<h3>\ud83c\udf1f Mi\u00e9rt v\u00e1laszd a M\u00c9ZI by Szoni M\u00e9zeskal\u00e1cs D\u00edsz\u00edt\u0151 DIY Boxot? \ud83c\udf1f<\/h3>\n<p>\ud83e\udddb Egyszer\u0171s\u00e9g: Nem kell hossz\u00fa bev\u00e1s\u00e1rl\u00f3k\u00f6r\u00fatra indulnod \u00e9s rengeteg alapanyagot beszerezned. Minden, amire sz\u00fcks\u00e9ged van, egy dobozban tal\u00e1lhat\u00f3!<\/p>\n<p>\ud83d\udc69\u200d\ud83c\udf73 Kreativit\u00e1s: Kibontva a dobozt m\u00e1r kezdheted is k\u00e9sz\u00edteni a cukorm\u00e1zakat a m\u00e9zeskal\u00e1csd\u00edsz\u00edt\u00e9shez. Az egyedi alkot\u00e1sok csak a te k\u00e9zjegyedet hordozz\u00e1k!<\/p>\n<p>\ud83c\udfa8 Szem\u00e9lyess\u00e9g: Az elk\u00e9sz\u00fclt alkot\u00e1sok jelk\u00e9pezik majd az \u00f6nmagadra ford\u00edtott vagy a szeretteiddel elt\u00f6lt\u00f6tt id\u0151t, amit TE is meg\u00e9rdemelsz.<\/p>\n<p>\ud83d\udc7b Minden benne van a dobozban:<\/p>\n<ul>\n<li>16 db megs\u00fct\u00f6tt, d\u00edsz\u00edtetlen m\u00e9zeskal\u00e1cs<\/li>\n<li>1 csomag M\u00e9zim\u00e1z Mix<\/li>\n<li>2 db sz\u00ednez\u0151<\/li>\n<li>6 db habzs\u00e1k<\/li>\n<li>sz\u00f3r\u00f3cukor<\/li>\n<li>M\u00e9zim\u00e1z Mix Kisokos<\/li>\n<li>DIY M\u00e9zeskal\u00e1cs D\u00edsz\u00edt\u0151 Box Kisokos, ami egy QR k\u00f3ddal el\u00e9rhet\u0151 r\u00e9szletes \u00fatmutat\u00f3hoz visz.<br \/>\n<strong>B\u00d3NUSZ:<\/strong><br \/>\n&gt;Megn\u00e9zheted az \u00f6sszes form\u00e1nak a d\u00edsz\u00edt\u00e9si folyamat\u00e1t felgyors\u00edtva, zenei al\u00e1fest\u00e9ssel egy vide\u00f3 keretein bel\u00fcl.<\/li>\n<\/ul>\n<p>&nbsp;<\/p>\n<h3><strong>Kieg\u00e9sz\u00edt\u0151k\u00e9nt megrendelheted:<\/strong><\/h3>\n<p>-a Narr\u00e1ci\u00f3s, Vide\u00f3s Seg\u00edts\u00e9get az \u0150szi DIY Boxhoz, amiben megn\u00e9zheted, hogy \u00e9n hogyan keverem ki \u00e9s \u00e1ll\u00edtom be a cukorm\u00e1z \u00e1llag\u00e1t a cuki erdei m\u00e9zikhez \u00e9s eredeti temp\u00f3j\u00e1ban, narr\u00e1ci\u00f3s \u00fatmutat\u00f3val v\u00e9gign\u00e9zheted, hogy hogyan d\u00edsz\u00edtettem ki az \u0151szi m\u00e9ziket.<\/p>\n<p>-a &#8222;M\u00e9zeskal\u00e1cs D\u00edsz\u00edt\u00e9s A-t\u00f3l Z-ig&#8221; c\u00edm\u0171 e-bookot, amely rengeteg tud\u00e1sanyagot tartalmaz a m\u00e9zeskal\u00e1csd\u00edsz\u00edt\u00e9sr\u0151l. Ezt a p\u00e9nzt\u00e1r oldalon tudod hozz\u00e1adni a rendel\u00e9shez.<\/p>\n<p><strong>B\u00d3NUSZ: Rendeld meg most az e-bookot a DIY Box mell\u00e9 \u00e9s aj\u00e1nd\u00e9kba megkapod Szoni &#8211; kifejezetten d\u00edsz\u00edt\u00e9shez kifejlesztett &#8211; m\u00e9zeskal\u00e1cs receptj\u00e9t.<\/strong><\/p>\n<p>Szeretn\u00e9l m\u00e9g t\u00f6bbet s\u00fctni ezekb\u0151l a cuki erdei \u00e1llatos m\u00e9zikb\u0151l? <a href=\"https:\/\/gieszer.hu\/product\/mezi_by_szoni_oszi_diy_box\/\" target=\"_blank\" rel=\"noopener\">Akkor rendeld meg a kisz\u00far\u00f3 szettet az egy\u00fcttm\u0171k\u00f6d\u0151 partneremt\u0151l, a gieszer.hu-r\u00f3l ITT<\/a>.<\/p>\n<p>&nbsp;<\/p>\n<h3>Mire lesz sz\u00fcks\u00e9ged otthonr\u00f3l, hogy elk\u00e9sz\u00edtsd a DIY Box seg\u00edts\u00e9g\u00e9vel a m\u00e9zeskal\u00e1csokat?<\/h3>\n<p>-egy k\u00f6zepes kever\u0151t\u00e1l,<br \/>\n-k\u00e9zi mixer a habver\u0151fej tartoz\u00e9k\u00e1val egy\u00fctt,<br \/>\n-4 kisebb kever\u0151t\u00e1l,<br \/>\n-pap\u00edrt\u00f6rl\u0151,<br \/>\n-h\u00fast\u0171 vagy fogpiszk\u00e1l\u00f3,<br \/>\n-spatul\u00e1k vagy m\u00e1s kever\u0151 alkalmatoss\u00e1g,<br \/>\n-4 db zacsk\u00f3z\u00e1r\u00f3 csipesz vagy bef\u0151ttes gumi,<br \/>\n-egy magas poh\u00e1r,<br \/>\n-oll\u00f3<\/p>\n<p>\ud83d\udd2e Rendeld meg most, \u00e9s k\u00e9sz\u00fclj a bekuck\u00f3z\u00f3s kreat\u00edvkod\u00e1sra a saj\u00e1t k\u00e9sz\u00edt\u00e9s\u0171 alkot\u00e1saiddal!<\/p>\n<p>\ud83d\udc49 Kattints a &#8222;Kos\u00e1rba&#8221; gombra, \u00e9s kezdd el az alkot\u00e1st! \ud83d\udc48<\/p>\n<p>&nbsp;<\/p>\n<p><span class=\"tojvnm2t a6sixzi8 abs2jz4q a8s20v7p t1p8iaqh k5wvi7nf q3lfd5jv pk4s997a bipmatt0 cebpdrjk qowsmv63 owwhemhu dp1hu0rb dhp61c6y iyyx5f41\"><a href=\"https:\/\/mezibyszoni.hu\/__old\/mezeskalacs-diszito-halloween-diy-box\/\">B\u0151vebb inform\u00e1ci\u00f3 a DIY Boxokr\u00f3l<\/a><\/span><\/p>\n<p>&nbsp;<\/p>\n<p>&nbsp;<\/p>\n<p>&#8212;<br \/>\nEgyedi, m\u00e9zeskal\u00e1csb\u00f3l k\u00e9sz\u00edtett aj\u00e1nd\u00e9k- \u00e9s d\u00edszt\u00e1rgy. Nem min\u0151s\u00fcl \u00e9lelmiszernek. Eg\u00e9szs\u00e9gre \u00e1rtalmas anyagot nem tartalmaz.<\/p>\n<p>A k\u00e9pek illusztr\u00e1ci\u00f3k. Az elk\u00e9sz\u00fclt rendel\u00e9sek\u00a0 elt\u00e9rhetnek a k\u00e9pen l\u00e1tottakt\u00f3l, l\u00e9v\u00e9n, hogy mindegyik egy k\u00fcl\u00f6n k\u00e9zm\u0171ves alkot\u00e1s.<\/p>\n<p>&nbsp;<\/p>\n","protected":false},"excerpt":{"rendered":"<p>\u0150szi M\u00e9zeskal\u00e1cs D\u00edsz\u00edt\u0151 DIY Box 16 db el\u0151re megs\u00fct\u00f6tt m\u00e9zivel, d\u00edsz\u00edt\u0151anyagokkal, \u00fatmutat\u00f3val.<\/p>\n<p><strong>Nincs k\u00e9szleten, megrendel\u00e9sre k\u00e9sz\u00fcl el.<\/strong><\/p>\n","protected":false},"featured_media":11999,"template":"","meta":[],"product_cat":[51,57],"product_tag":[],"class_list":{"0":"post-11969","1":"product","2":"type-product","3":"status-publish","4":"has-post-thumbnail","6":"product_cat-csinald-magad","7":"product_cat-diy-box","9":"entry","10":"has-media","12":"first","13":"instock","14":"shipping-taxable","15":"purchasable","16":"product-type-simple","17":"has-product-nav","18":"col","19":"span_1_of_3","20":"owp-content-center","21":"owp-thumbs-layout-horizontal","22":"owp-btn-normal","23":"owp-tabs-layout-horizontal"},"bundled_by":[],"bundle_stock_status":"instock","bundle_stock_quantity":null,"bundle_virtual":false,"bundle_layout":"","bundle_add_to_cart_form_location":"","bundle_editable_in_cart":false,"bundle_sold_individually_context":"","bundle_item_grouping":"","bundle_min_size":"","bundle_max_size":"","bundle_price":[],"bundled_items":[],"bundle_sell_ids":[11938,11980],"jetpack_sharing_enabled":true,"_links":{"self":[{"href":"https:\/\/mezibyszoni.hu\/__old\/wp-json\/wp\/v2\/product\/11969"}],"collection":[{"href":"https:\/\/mezibyszoni.hu\/__old\/wp-json\/wp\/v2\/product"}],"about":[{"href":"https:\/\/mezibyszoni.hu\/__old\/wp-json\/wp\/v2\/types\/product"}],"version-history":[{"count":9,"href":"https:\/\/mezibyszoni.hu\/__old\/wp-json\/wp\/v2\/product\/11969\/revisions"}],"predecessor-version":[{"id":11972,"href":"https:\/\/mezibyszoni.hu\/__old\/wp-json\/wp\/v2\/product\/11969\/revisions\/11972"}],"wp:featuredmedia":[{"embeddable":true,"href":"https:\/\/mezibyszoni.hu\/__old\/wp-json\/wp\/v2\/media\/11999"}],"wp:attachment":[{"href":"https:\/\/mezibyszoni.hu\/__old\/wp-json\/wp\/v2\/media?parent=11969"}],"wp:term":[{"taxonomy":"product_cat","embeddable":true,"href":"https:\/\/mezibyszoni.hu\/__old\/wp-json\/wp\/v2\/product_cat?post=11969"},{"taxonomy":"product_tag","embeddable":true,"href":"https:\/\/mezibyszoni.hu\/__old\/wp-json\/wp\/v2\/product_tag?post=11969"}],"curies":[{"name":"wp","href":"https:\/\/api.w.org\/{rel}","templated":true}]}}