{"id":11166,"date":"2025-01-14T16:31:10","date_gmt":"2025-01-14T15:31:10","guid":{"rendered":"https:\/\/mezibyszoni.hu\/?post_type=product&#038;p=11166"},"modified":"2025-01-24T17:38:38","modified_gmt":"2025-01-24T16:38:38","slug":"anyak-napi-diy-mezeskalacs-diszito-box","status":"publish","type":"product","link":"https:\/\/mezibyszoni.hu\/__old\/termek\/anyak-napi-diy-mezeskalacs-diszito-box\/","title":{"rendered":"Vir\u00e1gos (any\u00e1k napi) DIY M\u00e9zeskal\u00e1cs D\u00edsz\u00edt\u0151 Box"},"content":{"rendered":"<p><strong>\ud83c\udf6a Vir\u00e1gos M\u00e9zeskal\u00e1cs D\u00edsz\u00edt\u0151 DIY Box \ud83c\udf6a<br \/>\n<\/strong><\/p>\n<p>Fontos sz\u00e1modra az egyedis\u00e9g, a kreativit\u00e1s \u00e9s \u00f6r\u00f6mmel alkotn\u00e1l elk\u00f6telez\u0151d\u00e9s n\u00e9lk\u00fcl?<\/p>\n<p>Akkor a DIY M\u00c9ZI BOX pont neked val\u00f3. Ak\u00e1r egyed\u00fcl, ak\u00e1r a gyerekekkel, ezeknek a vid\u00e1m m\u00e9ziknek a kid\u00edsz\u00edt\u00e9se szuper m\u00f3ka lesz.<strong><br \/>\n<\/strong><\/p>\n<p><strong>Mit tudsz elk\u00e9sz\u00edteni az Vir\u00e1gos DIY BOX seg\u00edts\u00e9g\u00e9vel?\u00a0<\/strong><\/p>\n<p>\u00d6sszesen 16 db megs\u00fct\u00f6tt, de d\u00edsz\u00edtetlen m\u00e9zeskal\u00e1cs tal\u00e1lhat\u00f3 a boxban. 4-4 db a k\u00f6vetkez\u0151 form\u00e1kb\u00f3l:<\/p>\n<p>\u2665 Nagy vir\u00e1g<br \/>\n\u2665 Kis vir\u00e1g<br \/>\n\u2665 Sz\u00edv<br \/>\n\u2665 Lev\u00e9l<\/p>\n<p>Ebb\u0151l ak\u00e1r 4 db kedves kis csomagot is \u00f6ssze tudsz \u00e1ll\u00edtani a boxban tal\u00e1lhat\u00f3 celof\u00e1n tasakok, szalagok \u00e9s k\u00eds\u00e9r\u0151k\u00e1rty\u00e1k seg\u00edts\u00e9g\u00e9vel, ahogy az a 3. k\u00e9pen l\u00e1that\u00f3.<\/p>\n<p>A cukorm\u00e1zat magad fogod kikeverni a szuperegyszer\u0171 M\u00e9zim\u00e1z Mixb\u0151l, ami egy instant cukorm\u00e1z alap. Ezut\u00e1n megsz\u00ednezed a porfest\u00e9kekkel, majd habzs\u00e1kba t\u00f6lt\u00f6d, \u00e9s kezd\u0151dhet is a d\u00edsz\u00edt\u00e9s. Mindehhez egy QR k\u00f3ddal megtekinthet\u0151 oldalon megadok sz\u00e1modra minden seg\u00edts\u00e9get.<\/p>\n<p><strong><br \/>\nMi\u00e9rt k\u00e9sz\u00edts saj\u00e1t kez\u0171leg m\u00e9zeskal\u00e1csokat?<\/strong><\/p>\n<p>\u2665 Remek id\u0151t\u00f6lt\u00e9s<br \/>\n\u2665 Kreat\u00edv elfoglalts\u00e1g<br \/>\n\u2665 Stresszold\u00f3 kikapcsol\u00f3d\u00e1s<br \/>\n\u2665 Fejleszti a k\u00e9z\u00fcgyess\u00e9get<br \/>\n\u2665 \u00d6r\u00f6met szerzel a saj\u00e1t alkot\u00e1saiddal<br \/>\n\u2665 Meglepheted anyuk\u00e1dat, nagymam\u00e1dat, vagy akit csak szeretn\u00e9l<\/p>\n<p>&nbsp;<\/p>\n<p><strong>\ud83c\udf1f Mi\u00e9rt v\u00e1laszd a M\u00e9zeskal\u00e1cs D\u00edsz\u00edt\u0151 DIY Boxot? \ud83c\udf1f<\/strong><\/p>\n<p>\u2665\u00a0Egyszer\u0171s\u00e9g: Nem kell hossz\u00fa bev\u00e1s\u00e1rl\u00f3k\u00f6r\u00fatra indulnod \u00e9s rengeteg alapanyagot beszerezned. Minden, amire sz\u00fcks\u00e9ged van, egy dobozban tal\u00e1lhat\u00f3!<\/p>\n<p>\ud83d\udc69\u200d\ud83c\udf73 Kreativit\u00e1s: Kibontva a dobozt m\u00e1r kezdheted is k\u00e9sz\u00edteni a cukorm\u00e1zakat a m\u00e9zeskal\u00e1cs d\u00edsz\u00edt\u00e9shez. Seg\u00edts\u00e9gedre lesznek a mell\u00e9kelt kisokosok.<\/p>\n<p>\ud83c\udfa8 Szem\u00e9lyess\u00e9g: Az elk\u00e9sz\u00fclt alkot\u00e1sok az \u00f6r\u00f6m \u00e9s el\u00e9gedetts\u00e9g szimb\u00f3lumai lesznek, amelyek \u00f6sszekapcsolj\u00e1k a csal\u00e1dot \u00e9s eml\u00e9kezetess\u00e9 teszik az alkalmat!<\/p>\n<p>\u2665\u00a0Minden benne van a dobozban:<\/p>\n<ul>\n<li>&#8211; 16 db megs\u00fct\u00f6tt, d\u00edsz\u00edtetlen m\u00e9zeskal\u00e1cs<\/li>\n<li>&#8211; 1 csomag <a href=\"https:\/\/mezibyszoni.hu\/__old\/termek\/mezimaz-mix\/\">M\u00e9zim\u00e1z Mix<\/a><\/li>\n<li>&#8211; Sz\u00ednez\u0151k<\/li>\n<li>&#8211; Sz\u00f3r\u00f3cukrok<\/li>\n<li>&#8211; Habzs\u00e1kok<\/li>\n<li>&#8211; M\u00e9zim\u00e1z Mix Kisokos<\/li>\n<li>&#8211; DIY M\u00e9zeskal\u00e1cs D\u00edsz\u00edt\u0151 Box Kisokos<\/li>\n<li>&#8211; 4 db celof\u00e1n tasak<\/li>\n<li>&#8211; 4 db m\u00e9retre v\u00e1gott szalag<\/li>\n<li>&#8211; 4 db Any\u00e1k napi k\u00eds\u00e9r\u0151k\u00e1rtya<\/li>\n<li><strong>B\u00d3NUSZ:<\/strong><br \/>\n&gt;Megn\u00e9zheted az \u00f6sszes form\u00e1nak a d\u00edsz\u00edt\u00e9si folyamat\u00e1t felgyors\u00edtva, zenei al\u00e1fest\u00e9ssel egy vide\u00f3 keretein bel\u00fcl.<\/p>\n<h3>&gt;Az els\u0151 5 V\u00e1s\u00e1rl\u00f3 aj\u00e1nd\u00e9k modellez\u0151 t\u0171t is kap a csomagj\u00e1ba.<\/h3>\n<\/li>\n<\/ul>\n<p>&nbsp;<\/p>\n<p><strong>Kieg\u00e9sz\u00edt\u0151k\u00e9nt megrendelheted:<\/strong><\/p>\n<p>&#8211; M\u00e9g egy adag &#8211; 16 db-os &#8211; megs\u00fct\u00f6tt, d\u00edsz\u00edtetlen m\u00e9zeskal\u00e1csot. A boxban tal\u00e1lhat\u00f3 d\u00edsz\u00edt\u0151 anyag mennyis\u00e9g elegend\u0151 36 db m\u00e9zeskal\u00e1cs kid\u00edsz\u00edt\u00e9s\u00e9re is.<br \/>\n&#8211; A &#8222;M\u00e9zeskal\u00e1cs D\u00edsz\u00edt\u00e9s A-t\u00f3l Z-ig&#8221; c\u00edm\u0171 e-bookot, amely rengeteg tud\u00e1sanyagot tartalmaz a m\u00e9zeskal\u00e1csd\u00edsz\u00edt\u00e9sr\u0151l. (A p\u00e9nzt\u00e1r oldalon tudod hozz\u00e1adni a rendel\u00e9shez.)<br \/>\n<strong>B\u00d3NUSZ: Rendeld meg most az e-bookot a DIY Box mell\u00e9 \u00e9s aj\u00e1nd\u00e9kba megkapod Szoni &#8211; kifejezetten d\u00edsz\u00edt\u00e9shez kifejlesztett &#8211; m\u00e9zeskal\u00e1cs receptj\u00e9t.<\/strong><\/p>\n<p><strong>Mire lesz sz\u00fcks\u00e9ged otthonr\u00f3l, hogy elk\u00e9sz\u00edtsd a DIY Box seg\u00edts\u00e9g\u00e9vel a m\u00e9zeskal\u00e1csokat?<\/strong><br \/>\n&#8211; Egy k\u00f6zepes kever\u0151t\u00e1l,<br \/>\n&#8211; K\u00e9zi mixer a habver\u0151fej tartoz\u00e9k\u00e1val egy\u00fctt,<br \/>\n&#8211; 3 kisebb kever\u0151t\u00e1l,<br \/>\n&#8211; Pap\u00edrt\u00f6rl\u0151,<br \/>\n&#8211; H\u00fast\u0171 vagy fogpiszk\u00e1l\u00f3,<br \/>\n&#8211; Spatul\u00e1k vagy m\u00e1s kever\u0151 alkalmatoss\u00e1g,<br \/>\n&#8211; 4 db zacsk\u00f3z\u00e1r\u00f3 csipesz vagy bef\u0151ttes gumi,<br \/>\n&#8211; Egy magas poh\u00e1r,<br \/>\n&#8211; Oll\u00f3<br \/>\n&#8211; M\u00e9rleg vagy \u0171rm\u00e9rt\u00e9kes m\u00e9r\u0151poh\u00e1r<\/p>\n<p>Rendeld meg most, \u00e9s hozd l\u00e9tre a legeml\u00e9kezetesebb Any\u00e1k napi aj\u00e1nd\u00e9kokat a saj\u00e1t k\u00e9sz\u00edt\u00e9s\u0171 alkot\u00e1saiddal!<\/p>\n<p>\ud83d\udc49 Kattints a &#8222;Kos\u00e1rba&#8221; gombra, \u00e9s kezdd el az alkot\u00e1st! \ud83d\udc48<\/p>\n<p>&nbsp;<\/p>\n<p><a href=\"https:\/\/mezibyszoni.hu\/__old\/diy-box-landing\/\"><span class=\"tojvnm2t a6sixzi8 abs2jz4q a8s20v7p t1p8iaqh k5wvi7nf q3lfd5jv pk4s997a bipmatt0 cebpdrjk qowsmv63 owwhemhu dp1hu0rb dhp61c6y iyyx5f41\">B\u0151vebb inform\u00e1ci\u00f3 a DIY Boxr\u00f3l<\/span><\/a><\/p>\n<p>&nbsp;<\/p>\n<p>&nbsp;<\/p>\n<p>Egyedi, m\u00e9zeskal\u00e1csb\u00f3l k\u00e9sz\u00edtett aj\u00e1nd\u00e9k- \u00e9s d\u00edszt\u00e1rgy. Nem min\u0151s\u00fcl \u00e9lelmiszernek. Eg\u00e9szs\u00e9gre \u00e1rtalmas anyagot nem tartalmaz.<\/p>\n<p>A k\u00e9pek illusztr\u00e1ci\u00f3k. Az elk\u00e9sz\u00fclt rendel\u00e9sek\u00a0 elt\u00e9rhetnek a k\u00e9pen l\u00e1tottakt\u00f3l, l\u00e9v\u00e9n, hogy mindegyik egy k\u00fcl\u00f6n k\u00e9zm\u0171ves alkot\u00e1s.<\/p>\n<p>&nbsp;<\/p>\n","protected":false},"excerpt":{"rendered":"<p>Any\u00e1k napi DIY M\u00e9zeskal\u00e1cs D\u00edsz\u00edt\u0151 Box<\/p>\n<p>Csin\u00e1ld magad \/ 16 db el\u0151re megs\u00fct\u00f6tt m\u00e9zivel<\/p>\n<p><strong>Nincs k\u00e9szleten. Megrendel\u00e9sre k\u00e9sz\u00fcl el.<\/strong><\/p>\n","protected":false},"featured_media":11167,"template":"","meta":[],"product_cat":[51,57],"product_tag":[],"class_list":{"0":"post-11166","1":"product","2":"type-product","3":"status-publish","4":"has-post-thumbnail","6":"product_cat-csinald-magad","7":"product_cat-diy-box","9":"entry","10":"has-media","12":"first","13":"instock","14":"shipping-taxable","15":"purchasable","16":"product-type-simple","17":"has-product-nav","18":"col","19":"span_1_of_3","20":"owp-content-center","21":"owp-thumbs-layout-horizontal","22":"owp-btn-normal","23":"owp-tabs-layout-horizontal"},"bundled_by":[],"bundle_stock_status":"instock","bundle_stock_quantity":null,"bundle_virtual":false,"bundle_layout":"","bundle_add_to_cart_form_location":"","bundle_editable_in_cart":false,"bundle_sold_individually_context":"","bundle_item_grouping":"","bundle_min_size":"","bundle_max_size":"","bundle_price":[],"bundled_items":[],"bundle_sell_ids":[10694,11173],"jetpack_sharing_enabled":true,"_links":{"self":[{"href":"https:\/\/mezibyszoni.hu\/__old\/wp-json\/wp\/v2\/product\/11166"}],"collection":[{"href":"https:\/\/mezibyszoni.hu\/__old\/wp-json\/wp\/v2\/product"}],"about":[{"href":"https:\/\/mezibyszoni.hu\/__old\/wp-json\/wp\/v2\/types\/product"}],"version-history":[{"count":9,"href":"https:\/\/mezibyszoni.hu\/__old\/wp-json\/wp\/v2\/product\/11166\/revisions"}],"predecessor-version":[{"id":11180,"href":"https:\/\/mezibyszoni.hu\/__old\/wp-json\/wp\/v2\/product\/11166\/revisions\/11180"}],"wp:featuredmedia":[{"embeddable":true,"href":"https:\/\/mezibyszoni.hu\/__old\/wp-json\/wp\/v2\/media\/11167"}],"wp:attachment":[{"href":"https:\/\/mezibyszoni.hu\/__old\/wp-json\/wp\/v2\/media?parent=11166"}],"wp:term":[{"taxonomy":"product_cat","embeddable":true,"href":"https:\/\/mezibyszoni.hu\/__old\/wp-json\/wp\/v2\/product_cat?post=11166"},{"taxonomy":"product_tag","embeddable":true,"href":"https:\/\/mezibyszoni.hu\/__old\/wp-json\/wp\/v2\/product_tag?post=11166"}],"curies":[{"name":"wp","href":"https:\/\/api.w.org\/{rel}","templated":true}]}}