{"id":10660,"date":"2024-03-10T17:25:18","date_gmt":"2024-03-10T16:25:18","guid":{"rendered":"https:\/\/mezibyszoni.hu\/?post_type=product&#038;p=10660"},"modified":"2025-02-06T20:19:58","modified_gmt":"2025-02-06T19:19:58","slug":"4-db-os-sutemeny-kiszuro-szett-husveti-diy-box-melle","status":"publish","type":"product","link":"https:\/\/mezibyszoni.hu\/__old\/termek\/4-db-os-sutemeny-kiszuro-szett-husveti-diy-box-melle\/","title":{"rendered":"4 db-os s\u00fctem\u00e9ny kisz\u00far\u00f3 szett a h\u00fasv\u00e9ti DIY BOX form\u00e1ival"},"content":{"rendered":"<p class=\"_04xlpA direction-ltr align-start para-style-body\">A s\u00fctem\u00e9ny kisz\u00far\u00f3k m\u00e9rete:<\/p>\n<p>\ud83e\ude77 Nyuszi fej: 64 x 75 mm<\/p>\n<p>\ud83e\ude77 R\u00e9pa: 85 x 47 mm<\/p>\n<p>\ud83e\ude77 \u00dcl\u0151 nyuszi: 50 x 46 mm<\/p>\n<p>\ud83e\ude77 Toj\u00e1s: 60 x 43 mm<\/p>\n<p>Ide\u00e1lis v\u00e1laszt\u00e1s a <a href=\"https:\/\/mezibyszoni.hu\/__old\/termek\/husveti-diy-mezeskalacs-diszito-box\/\">H\u00fasv\u00e9ti DIY box<\/a> mell\u00e9.<\/p>\n<p>Anyaga: PLA<br \/>\nHaszn\u00e1lat ut\u00e1n langyos foly\u00f3v\u00edzzel moshat\u00f3. Ker\u00fcld az \u00e1ztat\u00e1st \u00e9s a mosogat\u00f3g\u00e9pben val\u00f3 tiszt\u00edt\u00e1st, mert ezeket nem b\u00edrja az anyag.<\/p>\n<p>A term\u00e9k <span style=\"text-decoration: underline;\">nem tartalmaz m\u00e9zeskal\u00e1csot<\/span>, csakis a s\u00fctem\u00e9nyszaggat\u00f3 form\u00e1kat.<\/p>\n","protected":false},"excerpt":{"rendered":"<p>H\u00fasv\u00e9ti m\u00e9zeskal\u00e1cs kisz\u00far\u00f3 szett<\/p>\n","protected":false},"featured_media":10661,"template":"","meta":[],"product_cat":[51,78],"product_tag":[],"class_list":{"0":"post-10660","1":"product","2":"type-product","3":"status-publish","4":"has-post-thumbnail","6":"product_cat-csinald-magad","7":"product_cat-sutemeny-kiszurok","9":"entry","10":"has-media","12":"first","13":"instock","14":"shipping-taxable","15":"purchasable","16":"product-type-simple","17":"has-product-nav","18":"col","19":"span_1_of_3","20":"owp-content-center","21":"owp-thumbs-layout-horizontal","22":"owp-btn-normal","23":"owp-tabs-layout-horizontal","24":"has-no-thumbnails"},"bundled_by":[],"bundle_stock_status":"instock","bundle_stock_quantity":null,"bundle_virtual":false,"bundle_layout":"","bundle_add_to_cart_form_location":"","bundle_editable_in_cart":false,"bundle_sold_individually_context":"","bundle_item_grouping":"","bundle_min_size":"","bundle_max_size":"","bundle_price":[],"bundled_items":[],"bundle_sell_ids":[],"jetpack_sharing_enabled":true,"_links":{"self":[{"href":"https:\/\/mezibyszoni.hu\/__old\/wp-json\/wp\/v2\/product\/10660"}],"collection":[{"href":"https:\/\/mezibyszoni.hu\/__old\/wp-json\/wp\/v2\/product"}],"about":[{"href":"https:\/\/mezibyszoni.hu\/__old\/wp-json\/wp\/v2\/types\/product"}],"version-history":[{"count":7,"href":"https:\/\/mezibyszoni.hu\/__old\/wp-json\/wp\/v2\/product\/10660\/revisions"}],"predecessor-version":[{"id":13136,"href":"https:\/\/mezibyszoni.hu\/__old\/wp-json\/wp\/v2\/product\/10660\/revisions\/13136"}],"wp:featuredmedia":[{"embeddable":true,"href":"https:\/\/mezibyszoni.hu\/__old\/wp-json\/wp\/v2\/media\/10661"}],"wp:attachment":[{"href":"https:\/\/mezibyszoni.hu\/__old\/wp-json\/wp\/v2\/media?parent=10660"}],"wp:term":[{"taxonomy":"product_cat","embeddable":true,"href":"https:\/\/mezibyszoni.hu\/__old\/wp-json\/wp\/v2\/product_cat?post=10660"},{"taxonomy":"product_tag","embeddable":true,"href":"https:\/\/mezibyszoni.hu\/__old\/wp-json\/wp\/v2\/product_tag?post=10660"}],"curies":[{"name":"wp","href":"https:\/\/api.w.org\/{rel}","templated":true}]}}